{"id":2513,"date":"2016-03-09T06:45:35","date_gmt":"2016-03-09T06:45:35","guid":{"rendered":"https:\/\/electro.madrasthemes.com\/?page_id=2513"},"modified":"2025-05-20T10:35:27","modified_gmt":"2025-05-20T10:35:27","slug":"contact-v2","status":"publish","type":"page","link":"https:\/\/toptanuret.com\/index.php\/contact-v2\/","title":{"rendered":"\u0130leti\u015fim"},"content":{"rendered":"<div class=\"wpb-content-wrapper\"><p>[vc_row css=&#8221;.vc_custom_1457506356430{padding-top: 25px !important;}&#8221;][vc_column width=&#8221;1\/2&#8243;][vc_column_text css=&#8221;.vc_custom_1747736965242{margin-bottom: 60px !important;}&#8221;]<\/p>\n<h2 class=\"contact-page-title\">Bize Mesaj G\u00f6nderin<\/h2>\n<p>\u0130leti\u015fim formumuzu doldurarak bize ula\u015fabilirsiniz.[\/vc_column_text][\/vc_column][vc_column width=&#8221;1\/2&#8243; el_class=&#8221;store-info store-info-v2&#8243;][vc_gmaps link=&#8221;#E-8_JTNDaWZyYW1lJTIwc3JjJTNEJTIyaHR0cHMlM0ElMkYlMkZ3d3cuZ29vZ2xlLmNvbSUyRm1hcHMlMkZlbWJlZCUzRnBiJTNEJTIxMW0xOCUyMTFtMTIlMjExbTMlMjExZDI0ODEuNTkzMzAzOTQwMDM5JTIxMmQtMC4xNTQ3MDQ0NDg0Mzg1ODI4MyUyMTNkNTEuNTM5MDE4ODY2MTExNjQlMjEybTMlMjExZjAlMjEyZjAlMjEzZjAlMjEzbTIlMjExaTEwMjQlMjEyaTc2OCUyMTRmMTMuMSUyMTNtMyUyMTFtMiUyMTFzMHg0ODc2MWFlNjJlZGQ1NzcxJTI1M0EweDI3ZjJkODIzZTJiZTAyNDklMjEyc1ByaW5jZXNzJTJCUmQlMjUyQyUyQkxvbmRvbiUyQk5XMSUyQjhKUiUyNTJDJTJCVUslMjE1ZTAlMjEzbTIlMjExc2VuJTIxMnMlMjE0djE0NTg4Mjc5OTY0MzUlMjIlMjB3aWR0aCUzRCUyMjYwMCUyMiUyMGhlaWdodCUzRCUyMjQ1MCUyMiUyMHN0eWxlJTNEJTIyYm9yZGVyJTNBMCUyMiUyMGFsbG93ZnVsbHNjcmVlbiUzRSUzQyUyRmlmcmFtZSUzRQ==&#8221; size=&#8221;288px&#8221; css=&#8221;.vc_custom_1459433783790{margin-bottom: 45px !important;}&#8221; el_class=&#8221;inner-left-xs&#8221;][vc_column_text css=&#8221;&#8221; el_class=&#8221;inner-left-xs&#8221;]<\/p>\n<h3 class=\"contact-page-title\">Adres Bilgilerimiz<\/h3>\n<p>A sokak B mahallesi, \u0130stanbul<br \/>\nTel: (+90)123 456 78 90<br \/>\nEmail: <a href=\"mailto:info@toptanuret.com\">info@toptanuret.com<\/a><\/p>\n<h3>\u00c7al\u0131\u015fma Saatlerimiz<\/h3>\n<ul>\n<li>Hafta i\u00e7i 09:00 &#8211; 18:00<\/li>\n<li>Cumartesi: 10:00 &#8211; 15:00<\/li>\n<li>Pazar: Kapal\u0131<\/li>\n<\/ul>\n<p>[\/vc_column_text][\/vc_column][\/vc_row]<\/p>\n<\/div>","protected":false},"excerpt":{"rendered":"<p>[vc_row css=&#8221;.vc_custom_1457506356430{padding-top: 25px !important;}&#8221;][vc_column width=&#8221;1\/2&#8243;][vc_column_text css=&#8221;.vc_custom_1747736965242{margin-bottom: 60px !important;}&#8221;] Bize Mesaj G\u00f6nderin \u0130leti\u015fim formumuzu doldurarak bize ula\u015fabilirsiniz.[\/vc_column_text][\/vc_column][vc_column width=&#8221;1\/2&#8243; el_class=&#8221;store-info store-info-v2&#8243;][vc_gmaps link=&#8221;#E-8_JTNDaWZyYW1lJTIwc3JjJTNEJTIyaHR0cHMlM0ElMkYlMkZ3d3cuZ29vZ2xlLmNvbSUyRm1hcHMlMkZlbWJlZCUzRnBiJTNEJTIxMW0xOCUyMTFtMTIlMjExbTMlMjExZDI0ODEuNTkzMzAzOTQwMDM5JTIxMmQtMC4xNTQ3MDQ0NDg0Mzg1ODI4MyUyMTNkNTEuNTM5MDE4ODY2MTExNjQlMjEybTMlMjExZjAlMjEyZjAlMjEzZjAlMjEzbTIlMjExaTEwMjQlMjEyaTc2OCUyMTRmMTMuMSUyMTNtMyUyMTFtMiUyMTFzMHg0ODc2MWFlNjJlZGQ1NzcxJTI1M0EweDI3ZjJkODIzZTJiZTAyNDklMjEyc1ByaW5jZXNzJTJCUmQlMjUyQyUyQkxvbmRvbiUyQk5XMSUyQjhKUiUyNTJDJTJCVUslMjE1ZTAlMjEzbTIlMjExc2VuJTIxMnMlMjE0djE0NTg4Mjc5OTY0MzUlMjIlMjB3aWR0aCUzRCUyMjYwMCUyMiUyMGhlaWdodCUzRCUyMjQ1MCUyMiUyMHN0eWxlJTNEJTIyYm9yZGVyJTNBMCUyMiUyMGFsbG93ZnVsbHNjcmVlbiUzRSUzQyUyRmlmcmFtZSUzRQ==&#8221; size=&#8221;288px&#8221; css=&#8221;.vc_custom_1459433783790{margin-bottom: 45px !important;}&#8221; el_class=&#8221;inner-left-xs&#8221;][vc_column_text css=&#8221;&#8221; el_class=&#8221;inner-left-xs&#8221;] Adres Bilgilerimiz A<\/p>\n","protected":false},"author":1,"featured_media":0,"parent":0,"menu_order":0,"comment_status":"closed","ping_status":"closed","template":"","meta":{"_acf_changed":false,"footnotes":""},"class_list":["post-2513","page","type-page","status-publish","hentry"],"acf":[],"_links":{"self":[{"href":"https:\/\/toptanuret.com\/index.php\/wp-json\/wp\/v2\/pages\/2513","targetHints":{"allow":["GET"]}}],"collection":[{"href":"https:\/\/toptanuret.com\/index.php\/wp-json\/wp\/v2\/pages"}],"about":[{"href":"https:\/\/toptanuret.com\/index.php\/wp-json\/wp\/v2\/types\/page"}],"author":[{"embeddable":true,"href":"https:\/\/toptanuret.com\/index.php\/wp-json\/wp\/v2\/users\/1"}],"replies":[{"embeddable":true,"href":"https:\/\/toptanuret.com\/index.php\/wp-json\/wp\/v2\/comments?post=2513"}],"version-history":[{"count":3,"href":"https:\/\/toptanuret.com\/index.php\/wp-json\/wp\/v2\/pages\/2513\/revisions"}],"predecessor-version":[{"id":5311,"href":"https:\/\/toptanuret.com\/index.php\/wp-json\/wp\/v2\/pages\/2513\/revisions\/5311"}],"wp:attachment":[{"href":"https:\/\/toptanuret.com\/index.php\/wp-json\/wp\/v2\/media?parent=2513"}],"curies":[{"name":"wp","href":"https:\/\/api.w.org\/{rel}","templated":true}]}}